{"id":414,"date":"2023-11-05T11:25:04","date_gmt":"2023-11-05T10:25:04","guid":{"rendered":"https:\/\/www.mica-panis.com\/?post_type=product&#038;p=414"},"modified":"2025-10-06T15:43:38","modified_gmt":"2025-10-06T13:43:38","slug":"placerelam","status":"publish","type":"product","link":"https:\/\/www.mica-panis.com\/?product=placerelam","title":{"rendered":"Placerelam"},"content":{"rendered":"","protected":false},"excerpt":{"rendered":"<p><img fetchpriority=\"high\" decoding=\"async\" class=\"alignnone size-full wp-image-787\" src=\"http:\/\/www.mica-panis.com\/wp-content\/uploads\/2023\/11\/Sans-effet-secondaire-2.png\" alt=\"\" width=\"1500\" height=\"500\" srcset=\"https:\/\/www.mica-panis.com\/wp-content\/uploads\/2023\/11\/Sans-effet-secondaire-2.png 1500w, https:\/\/www.mica-panis.com\/wp-content\/uploads\/2023\/11\/Sans-effet-secondaire-2-300x100.png 300w, https:\/\/www.mica-panis.com\/wp-content\/uploads\/2023\/11\/Sans-effet-secondaire-2-1024x341.png 1024w, https:\/\/www.mica-panis.com\/wp-content\/uploads\/2023\/11\/Sans-effet-secondaire-2-768x256.png 768w, https:\/\/www.mica-panis.com\/wp-content\/uploads\/2023\/11\/Sans-effet-secondaire-2-600x200.png 600w\" sizes=\"(max-width: 1500px) 100vw, 1500px\" \/><\/p>\n<ul>\n<li><strong>Description :<\/strong><\/li>\n<\/ul>\n<p>Compl\u00e9ment alimentaire sous forme de g\u00e9lule v\u00e9g\u00e9tale \u00e0 base d&rsquo;extrait de passiflore.<\/p>\n<ul>\n<li><strong>Mode d\u2019action :<\/strong><\/li>\n<\/ul>\n<p>Il ressemble \u00e0 un m\u00e9dicament anxiolytique ou hypnotique. Il va permettre ainsi d\u2019obtenir l\u2019effet placebo chez la personne \u00e0 qui on administre ce compl\u00e9ment alimentaire. Il faut accompagner cette administration de quelques paroles pour potentialiser l\u2019effet.<\/p>\n<ul>\n<li><strong>Conseils d&rsquo;utilisation :<\/strong><\/li>\n<\/ul>\n<p>R\u00e9partir les prises dans la journ\u00e9e, maximum 6 comprim\u00e9s par jour.<\/p>\n","protected":false},"featured_media":1103,"template":"","meta":{"inline_featured_image":false},"product_brand":[],"product_cat":[16],"product_tag":[],"class_list":{"0":"post-414","1":"product","2":"type-product","3":"status-publish","4":"has-post-thumbnail","6":"product_cat-non-classe","8":"entry","9":"has-media","11":"first","12":"instock","13":"shipping-taxable","14":"purchasable","15":"product-type-variable","16":"has-product-nav","17":"col","18":"span_1_of_3","19":"owp-content-center","20":"owp-thumbs-layout-horizontal","21":"owp-btn-normal","22":"owp-tabs-layout-horizontal"},"_links":{"self":[{"href":"https:\/\/www.mica-panis.com\/index.php?rest_route=\/wp\/v2\/product\/414","targetHints":{"allow":["GET"]}}],"collection":[{"href":"https:\/\/www.mica-panis.com\/index.php?rest_route=\/wp\/v2\/product"}],"about":[{"href":"https:\/\/www.mica-panis.com\/index.php?rest_route=\/wp\/v2\/types\/product"}],"wp:featuredmedia":[{"embeddable":true,"href":"https:\/\/www.mica-panis.com\/index.php?rest_route=\/wp\/v2\/media\/1103"}],"wp:attachment":[{"href":"https:\/\/www.mica-panis.com\/index.php?rest_route=%2Fwp%2Fv2%2Fmedia&parent=414"}],"wp:term":[{"taxonomy":"product_brand","embeddable":true,"href":"https:\/\/www.mica-panis.com\/index.php?rest_route=%2Fwp%2Fv2%2Fproduct_brand&post=414"},{"taxonomy":"product_cat","embeddable":true,"href":"https:\/\/www.mica-panis.com\/index.php?rest_route=%2Fwp%2Fv2%2Fproduct_cat&post=414"},{"taxonomy":"product_tag","embeddable":true,"href":"https:\/\/www.mica-panis.com\/index.php?rest_route=%2Fwp%2Fv2%2Fproduct_tag&post=414"}],"curies":[{"name":"wp","href":"https:\/\/api.w.org\/{rel}","templated":true}]}}